{"id":9,"date":"2025-08-19T15:22:30","date_gmt":"2025-08-19T15:22:30","guid":{"rendered":"http:\/\/garbomania.com\/?page_id=9"},"modified":"2025-08-20T18:35:28","modified_gmt":"2025-08-20T18:35:28","slug":"strona-glowna","status":"publish","type":"page","link":"https:\/\/garbomania.com\/","title":{"rendered":"Strona g\u0142\u00f3wna"},"content":{"rendered":"\n<p>Witaj na Garbomanii!<\/p>\n\n\n\n<p>Kiedy\u015b Garbomania by\u0142a og\u00f3lnopolskim serwisem, kt\u00f3ry zrzesza\u0142 garbusiarzy z ca\u0142ej Polski i nie tylko. By\u0142o to miejsce wymiany do\u015bwiadcze\u0144, spotka\u0144 pasjonat\u00f3w i dokumentowania niezwyk\u0142ej historii kultowego Volkswagena.<\/p>\n\n\n\n<p>Dzi\u015b strona ma charakter prywatny i po\u015bwi\u0119cona jest moim w\u0142asnym Volkswagenom. Chc\u0119 tu pokaza\u0107 nie tylko moje auta, ale tak\u017ce od\u015bwie\u017cy\u0107 wspomnienia \u2013 zamieszczaj\u0105c archiwalne materia\u0142y ze zlot\u00f3w z ko\u0144c\u00f3wki lat 90-tych i pocz\u0105tku XXI wieku.<\/p>\n\n\n\n<p>Mam nadziej\u0119, \u017ce dzi\u0119ki temu Garbomania nadal b\u0119dzie miejscem, gdzie mo\u017cna poczu\u0107 klimat dawnych lat i mi\u0142o\u015b\u0107 do Garbusa, Busa czy innych klasycznych VW.<\/p>\n","protected":false},"excerpt":{"rendered":"<p>Witaj na Garbomanii! Kiedy\u015b Garbomania by\u0142a og\u00f3lnopolskim serwisem, kt\u00f3ry zrzesza\u0142 garbusiarzy z ca\u0142ej Polski i nie tylko. By\u0142o to miejsce wymiany do\u015bwiadcze\u0144, spotka\u0144 pasjonat\u00f3w i dokumentowania niezwyk\u0142ej historii kultowego Volkswagena. Dzi\u015b strona ma charakter prywatny i po\u015bwi\u0119cona jest moim w\u0142asnym Volkswagenom. Chc\u0119 tu pokaza\u0107 nie tylko moje auta, ale tak\u017ce od\u015bwie\u017cy\u0107 wspomnienia \u2013 zamieszczaj\u0105c archiwalne &hellip; <\/p>\n<p class=\"link-more\"><a href=\"https:\/\/garbomania.com\/\" class=\"more-link\">Czytaj dalej<span class=\"screen-reader-text\"> \u201eStrona g\u0142\u00f3wna\u201d<\/span><\/a><\/p>\n","protected":false},"author":1,"featured_media":0,"parent":0,"menu_order":0,"comment_status":"closed","ping_status":"closed","template":"","meta":{"footnotes":""},"class_list":["post-9","page","type-page","status-publish","hentry"],"_links":{"self":[{"href":"https:\/\/garbomania.com\/index.php\/wp-json\/wp\/v2\/pages\/9","targetHints":{"allow":["GET"]}}],"collection":[{"href":"https:\/\/garbomania.com\/index.php\/wp-json\/wp\/v2\/pages"}],"about":[{"href":"https:\/\/garbomania.com\/index.php\/wp-json\/wp\/v2\/types\/page"}],"author":[{"embeddable":true,"href":"https:\/\/garbomania.com\/index.php\/wp-json\/wp\/v2\/users\/1"}],"replies":[{"embeddable":true,"href":"https:\/\/garbomania.com\/index.php\/wp-json\/wp\/v2\/comments?post=9"}],"version-history":[{"count":3,"href":"https:\/\/garbomania.com\/index.php\/wp-json\/wp\/v2\/pages\/9\/revisions"}],"predecessor-version":[{"id":38,"href":"https:\/\/garbomania.com\/index.php\/wp-json\/wp\/v2\/pages\/9\/revisions\/38"}],"wp:attachment":[{"href":"https:\/\/garbomania.com\/index.php\/wp-json\/wp\/v2\/media?parent=9"}],"curies":[{"name":"wp","href":"https:\/\/api.w.org\/{rel}","templated":true}]}}